{"id":97,"date":"2020-02-10T10:34:36","date_gmt":"2020-02-10T10:34:36","guid":{"rendered":"https:\/\/jupiterx.artbees.net\/asian-cuisine\/?page_id=97"},"modified":"2025-12-19T05:34:24","modified_gmt":"2025-12-19T08:34:24","slug":"about","status":"publish","type":"page","link":"https:\/\/etrihost.cl\/dir\/alamo\/about\/","title":{"rendered":"About"},"content":{"rendered":"\t\t<div data-elementor-type=\"wp-page\" data-elementor-id=\"97\" class=\"elementor elementor-97\" data-elementor-post-type=\"page\">\n\t\t\t\t\t\t<section class=\"elementor-section elementor-top-section elementor-element elementor-element-9c56bc7 elementor-section-height-min-height elementor-section-items-stretch elementor-section-boxed elementor-section-height-default\" data-id=\"9c56bc7\" data-element_type=\"section\" data-settings=\"{&quot;jet_parallax_layout_list&quot;:[{&quot;jet_parallax_layout_image&quot;:{&quot;url&quot;:&quot;&quot;,&quot;id&quot;:&quot;&quot;,&quot;size&quot;:&quot;&quot;},&quot;_id&quot;:&quot;3448f70&quot;,&quot;jet_parallax_layout_image_tablet&quot;:{&quot;url&quot;:&quot;&quot;,&quot;id&quot;:&quot;&quot;,&quot;size&quot;:&quot;&quot;},&quot;jet_parallax_layout_image_mobile&quot;:{&quot;url&quot;:&quot;&quot;,&quot;id&quot;:&quot;&quot;,&quot;size&quot;:&quot;&quot;},&quot;jet_parallax_layout_speed&quot;:{&quot;unit&quot;:&quot;%&quot;,&quot;size&quot;:&quot;50&quot;,&quot;sizes&quot;:[]},&quot;jet_parallax_layout_bg_x&quot;:&quot;50&quot;,&quot;jet_parallax_layout_bg_y&quot;:&quot;50&quot;,&quot;jet_parallax_layout_type&quot;:&quot;scroll&quot;,&quot;jet_parallax_layout_direction&quot;:&quot;1&quot;,&quot;jet_parallax_layout_fx_direction&quot;:null,&quot;jet_parallax_layout_z_index&quot;:&quot;&quot;,&quot;jet_parallax_layout_bg_x_tablet&quot;:&quot;&quot;,&quot;jet_parallax_layout_bg_x_mobile&quot;:&quot;&quot;,&quot;jet_parallax_layout_bg_y_tablet&quot;:&quot;&quot;,&quot;jet_parallax_layout_bg_y_mobile&quot;:&quot;&quot;,&quot;jet_parallax_layout_bg_size&quot;:&quot;auto&quot;,&quot;jet_parallax_layout_bg_size_tablet&quot;:&quot;&quot;,&quot;jet_parallax_layout_bg_size_mobile&quot;:&quot;&quot;,&quot;jet_parallax_layout_animation_prop&quot;:&quot;transform&quot;,&quot;jet_parallax_layout_on&quot;:[&quot;desktop&quot;,&quot;tablet&quot;]}],&quot;background_background&quot;:&quot;classic&quot;}\">\n\t\t\t\t\t\t<div class=\"elementor-container elementor-column-gap-default\">\n\t\t\t\t\t<div class=\"elementor-column elementor-col-100 elementor-top-column elementor-element elementor-element-e4200cd\" data-id=\"e4200cd\" data-element_type=\"column\" data-settings=\"{&quot;background_background&quot;:&quot;classic&quot;,&quot;background_motion_fx_motion_fx_scrolling&quot;:&quot;yes&quot;,&quot;background_motion_fx_motion_fx_mouse&quot;:&quot;yes&quot;,&quot;background_motion_fx_devices&quot;:[&quot;desktop&quot;,&quot;tablet&quot;,&quot;mobile&quot;]}\">\n\t\t\t<div class=\"elementor-widget-wrap elementor-element-populated\">\n\t\t\t\t\t\t<div class=\"elementor-element elementor-element-6a217c2 elementor-widget elementor-widget-jet-headline\" data-id=\"6a217c2\" data-element_type=\"widget\" data-widget_type=\"jet-headline.default\">\n\t\t\t\t<div class=\"elementor-widget-container\">\n\t\t\t\t\t<h1 class=\"jet-headline jet-headline--direction-vertical\"><span class=\"jet-headline__part jet-headline__first\"><span class=\"jet-headline__label\">NOSOTROS <\/span><\/span><\/h1>\t\t\t\t<\/div>\n\t\t\t\t<\/div>\n\t\t\t\t\t<\/div>\n\t\t<\/div>\n\t\t\t\t\t<\/div>\n\t\t<\/section>\n\t\t<div class=\"elementor-element elementor-element-f43b13d e-flex e-con-boxed e-con e-parent\" data-id=\"f43b13d\" data-element_type=\"container\" data-settings=\"{&quot;jet_parallax_layout_list&quot;:[]}\">\n\t\t\t\t\t<div class=\"e-con-inner\">\n\t\t\t\t<div class=\"elementor-element elementor-element-8da8382 elementor-widget elementor-widget-text-editor\" data-id=\"8da8382\" data-element_type=\"widget\" data-widget_type=\"text-editor.default\">\n\t\t\t\t\t\t\t\t\t<p class=\"cvGsUA direction-ltr align-center para-style-body\" style=\"color: #000000; font-family: YACgEcnnqB4_0, _fb_, auto; --cyv3zq: 35.9996px; --gjplxq: 1.4; line-height: 50px; text-align: center;\"><span class=\"OYPEnA font-feature-liga-on font-feature-clig-on font-feature-calt-on text-decoration-none text-strikethrough-none\" style=\"font-kerning: normal; --ys-xuq: none; color: #00ffff;\">En alg\u00fan rinc\u00f3n entre los mapas antiguos y los sue\u00f1os de los navegantes, existe un puerto encantado: Puerto \u00c1lamo.<\/span><\/p><p class=\"cvGsUA direction-ltr align-center para-style-body\" style=\"color: #000000; font-family: YACgEcnnqB4_0, _fb_, auto; --cyv3zq: 35.9996px; --gjplxq: 1.4; line-height: 50px; text-align: center;\"><span class=\"OYPEnA font-feature-liga-on font-feature-clig-on font-feature-calt-on text-decoration-none text-strikethrough-none\" style=\"font-kerning: normal; --ys-xuq: none; color: #00ffff;\">Aqu\u00ed, la cocina es una traves\u00eda por aguas fant\u00e1sticas.<\/span><\/p><p class=\"cvGsUA direction-ltr align-center para-style-body\" style=\"color: #000000; font-family: YACgEcnnqB4_0, _fb_, auto; --cyv3zq: 35.9996px; --gjplxq: 1.4; line-height: 50px; text-align: center;\"><span class=\"OYPEnA font-feature-liga-on font-feature-clig-on font-feature-calt-on text-decoration-none text-strikethrough-none\" style=\"font-kerning: normal; --ys-xuq: none; color: #00ffff;\">Donde los sabores emergen como perlas del fondo del oc\u00e9ano y las recetas susurran secretos de sirenas.<\/span><\/p><p class=\"cvGsUA direction-ltr align-center para-style-body\" style=\"color: #000000; font-family: YACgEcnnqB4_0, _fb_, auto; --cyv3zq: 35.9996px; --gjplxq: 1.4; line-height: 50px; text-align: center;\"><span class=\"OYPEnA font-feature-liga-on font-feature-clig-on font-feature-calt-on text-decoration-none text-strikethrough-none\" style=\"font-kerning: normal; --ys-xuq: none; color: #00ffff;\">Cada plato cuenta una historia.<\/span><\/p><p class=\"cvGsUA direction-ltr align-center para-style-body\" style=\"color: #000000; font-family: YACgEcnnqB4_0, _fb_, auto; --cyv3zq: 35.9996px; --gjplxq: 1.4; line-height: 50px; text-align: center;\"><span class=\"OYPEnA font-feature-liga-on font-feature-clig-on font-feature-calt-on text-decoration-none text-strikethrough-none\" style=\"font-kerning: normal; --ys-xuq: none; color: #00ffff;\">Cada c\u00f3ctel es una marea nueva.<\/span><\/p><p class=\"cvGsUA direction-ltr align-center para-style-body\" style=\"color: #000000; font-family: YACgEcnnqB4_0, _fb_, auto; --cyv3zq: 35.9996px; --gjplxq: 1.4; line-height: 50px; text-align: center;\"><span class=\"OYPEnA font-feature-liga-on font-feature-clig-on font-feature-calt-on text-decoration-none text-strikethrough-none\" style=\"font-kerning: normal; --ys-xuq: none; color: #00ffff;\">Y cada visita\u2026 es una aventura por explorar.<\/span><\/p><p class=\"cvGsUA direction-ltr align-center para-style-body\" style=\"color: #000000; font-family: YACgEcnnqB4_0, _fb_, auto; --cyv3zq: 35.9996px; --gjplxq: 1.4; line-height: 50px; text-align: center;\"><span class=\"OYPEnA font-feature-liga-on font-feature-clig-on font-feature-calt-on text-decoration-none text-strikethrough-none\" style=\"font-kerning: normal; --ys-xuq: none; color: #00ffff;\">Inspirados en la magia del mar, en sus criaturas misteriosas y en la fantas\u00eda de los mitos, en Puerto \u00c1lamo no solo vienes a comer: vienes a navegar sabores, a descubrir tesoros culinarios y a perderte en un mundo donde lo fant\u00e1stico es real.<\/span><\/p><p class=\"cvGsUA direction-ltr align-center para-style-body\" style=\"color: #000000; font-family: YACgEcnnqB4_0, _fb_, auto; --cyv3zq: 35.9996px; --gjplxq: 1.4; line-height: 50px; text-align: center;\"><span class=\"OYPEnA font-feature-liga-on font-feature-clig-on font-feature-calt-on text-decoration-none text-strikethrough-none\" style=\"font-kerning: normal; --ys-xuq: none; color: #00ffff;\">Bienvenidos a bordo!<\/span><\/p>\t\t\t\t\t\t\t\t<\/div>\n\t\t\t\t\t<\/div>\n\t\t\t\t<\/div>\n\t\t\t\t<\/div>\n\t\t","protected":false},"excerpt":{"rendered":"<p>NOSOTROS En alg\u00fan rinc\u00f3n entre los mapas antiguos y los sue\u00f1os de los navegantes, existe un puerto encantado: Puerto \u00c1lamo. Aqu\u00ed, la cocina es una traves\u00eda por aguas fant\u00e1sticas. Donde los sabores emergen como perlas del fondo del oc\u00e9ano y las recetas susurran secretos de sirenas. Cada plato cuenta una historia. Cada c\u00f3ctel es una [&hellip;]<\/p>\n","protected":false},"author":1,"featured_media":0,"parent":0,"menu_order":0,"comment_status":"closed","ping_status":"closed","template":"elementor_header_footer","meta":{"_acf_changed":false,"pagelayer_contact_templates":[],"_pagelayer_content":"","footnotes":""},"class_list":["post-97","page","type-page","status-publish","hentry"],"acf":[],"_links":{"self":[{"href":"https:\/\/etrihost.cl\/dir\/alamo\/wp-json\/wp\/v2\/pages\/97","targetHints":{"allow":["GET"]}}],"collection":[{"href":"https:\/\/etrihost.cl\/dir\/alamo\/wp-json\/wp\/v2\/pages"}],"about":[{"href":"https:\/\/etrihost.cl\/dir\/alamo\/wp-json\/wp\/v2\/types\/page"}],"author":[{"embeddable":true,"href":"https:\/\/etrihost.cl\/dir\/alamo\/wp-json\/wp\/v2\/users\/1"}],"replies":[{"embeddable":true,"href":"https:\/\/etrihost.cl\/dir\/alamo\/wp-json\/wp\/v2\/comments?post=97"}],"version-history":[{"count":13,"href":"https:\/\/etrihost.cl\/dir\/alamo\/wp-json\/wp\/v2\/pages\/97\/revisions"}],"predecessor-version":[{"id":721,"href":"https:\/\/etrihost.cl\/dir\/alamo\/wp-json\/wp\/v2\/pages\/97\/revisions\/721"}],"wp:attachment":[{"href":"https:\/\/etrihost.cl\/dir\/alamo\/wp-json\/wp\/v2\/media?parent=97"}],"curies":[{"name":"wp","href":"https:\/\/api.w.org\/{rel}","templated":true}]}}