{"id":4050,"date":"2021-06-21T22:15:37","date_gmt":"2021-06-22T02:15:37","guid":{"rendered":"https:\/\/etrihost.cl\/dir\/kidsenze\/?page_id=4050"},"modified":"2021-06-21T22:38:43","modified_gmt":"2021-06-22T02:38:43","slug":"terminos-y-condiciones","status":"publish","type":"page","link":"https:\/\/etrihost.cl\/dir\/kidsenze\/terminos-y-condiciones\/","title":{"rendered":"T\u00e9rminos y Condiciones"},"content":{"rendered":"\t\t<div data-elementor-type=\"wp-page\" data-elementor-id=\"4050\" class=\"elementor elementor-4050\" data-elementor-settings=\"[]\">\n\t\t\t\t\t\t<div class=\"elementor-inner\">\n\t\t\t\t\t\t\t<div class=\"elementor-section-wrap\">\n\t\t\t\t\t\t\t<section class=\"elementor-section elementor-top-section elementor-element elementor-element-6f982c4 elementor-section-stretched elementor-section-boxed elementor-section-height-default elementor-section-height-default\" data-id=\"6f982c4\" data-element_type=\"section\" data-settings=\"{&quot;stretch_section&quot;:&quot;section-stretched&quot;}\">\n\t\t\t\t\t\t<div class=\"elementor-container elementor-column-gap-default\">\n\t\t\t\t\t\t\t<div class=\"elementor-row\">\n\t\t\t\t\t<div class=\"elementor-column elementor-col-100 elementor-top-column elementor-element elementor-element-5e25e82\" data-id=\"5e25e82\" data-element_type=\"column\">\n\t\t\t<div class=\"elementor-column-wrap elementor-element-populated\">\n\t\t\t\t\t\t\t<div class=\"elementor-widget-wrap\">\n\t\t\t\t\t\t<div class=\"elementor-element elementor-element-4ea5c46 elementor-widget elementor-widget-image\" data-id=\"4ea5c46\" data-element_type=\"widget\" data-widget_type=\"image.default\">\n\t\t\t\t<div class=\"elementor-widget-container\">\n\t\t\t\t\t\t\t\t<div class=\"elementor-image\">\n\t\t\t\t\t\t\t\t\t\t\t\t<img loading=\"lazy\" decoding=\"async\" width=\"2400\" height=\"884\" src=\"https:\/\/etrihost.cl\/dir\/kidsenze\/wp-content\/uploads\/2021\/06\/terminos.jpg\" class=\"attachment-full size-full\" alt=\"\" srcset=\"https:\/\/etrihost.cl\/dir\/kidsenze\/wp-content\/uploads\/2021\/06\/terminos.jpg 2400w, https:\/\/etrihost.cl\/dir\/kidsenze\/wp-content\/uploads\/2021\/06\/terminos-300x111.jpg 300w, https:\/\/etrihost.cl\/dir\/kidsenze\/wp-content\/uploads\/2021\/06\/terminos-1024x377.jpg 1024w, https:\/\/etrihost.cl\/dir\/kidsenze\/wp-content\/uploads\/2021\/06\/terminos-768x283.jpg 768w, https:\/\/etrihost.cl\/dir\/kidsenze\/wp-content\/uploads\/2021\/06\/terminos-1536x566.jpg 1536w, https:\/\/etrihost.cl\/dir\/kidsenze\/wp-content\/uploads\/2021\/06\/terminos-2048x754.jpg 2048w, https:\/\/etrihost.cl\/dir\/kidsenze\/wp-content\/uploads\/2021\/06\/terminos-1200x442.jpg 1200w, https:\/\/etrihost.cl\/dir\/kidsenze\/wp-content\/uploads\/2021\/06\/terminos-600x221.jpg 600w\" sizes=\"auto, (max-width: 2400px) 100vw, 2400px\" \/>\t\t\t\t\t\t\t\t\t\t\t\t\t\t<\/div>\n\t\t\t\t\t\t<\/div>\n\t\t\t\t<\/div>\n\t\t\t\t\t\t<\/div>\n\t\t\t\t\t<\/div>\n\t\t<\/div>\n\t\t\t\t\t\t\t\t<\/div>\n\t\t\t\t\t<\/div>\n\t\t<\/section>\n\t\t\t\t<section class=\"elementor-section elementor-top-section elementor-element elementor-element-e88fa2b elementor-section-stretched elementor-section-boxed elementor-section-height-default elementor-section-height-default\" data-id=\"e88fa2b\" data-element_type=\"section\" data-settings=\"{&quot;stretch_section&quot;:&quot;section-stretched&quot;}\">\n\t\t\t\t\t\t<div class=\"elementor-container elementor-column-gap-default\">\n\t\t\t\t\t\t\t<div class=\"elementor-row\">\n\t\t\t\t\t<div class=\"elementor-column elementor-col-100 elementor-top-column elementor-element elementor-element-3718914\" data-id=\"3718914\" data-element_type=\"column\">\n\t\t\t<div class=\"elementor-column-wrap elementor-element-populated\">\n\t\t\t\t\t\t\t<div class=\"elementor-widget-wrap\">\n\t\t\t\t\t\t<div class=\"elementor-element elementor-element-9697042 elementor-widget elementor-widget-heading\" data-id=\"9697042\" data-element_type=\"widget\" data-widget_type=\"heading.default\">\n\t\t\t\t<div class=\"elementor-widget-container\">\n\t\t\t<h2 class=\"elementor-heading-title elementor-size-default\">T\u00e9rminos y Condiciones Comerciales<\/h2>\t\t<\/div>\n\t\t\t\t<\/div>\n\t\t\t\t<div class=\"elementor-element elementor-element-0305c5d elementor-widget-divider--view-line elementor-widget elementor-widget-divider\" data-id=\"0305c5d\" data-element_type=\"widget\" data-widget_type=\"divider.default\">\n\t\t\t\t<div class=\"elementor-widget-container\">\n\t\t\t\t\t<div class=\"elementor-divider\">\n\t\t\t<span class=\"elementor-divider-separator\">\n\t\t\t\t\t\t<\/span>\n\t\t<\/div>\n\t\t\t\t<\/div>\n\t\t\t\t<\/div>\n\t\t\t\t<div class=\"elementor-element elementor-element-48295bb elementor-widget elementor-widget-text-editor\" data-id=\"48295bb\" data-element_type=\"widget\" data-widget_type=\"text-editor.default\">\n\t\t\t\t<div class=\"elementor-widget-container\">\n\t\t\t\t\t\t\t\t<div class=\"elementor-text-editor elementor-clearfix\">\n\t\t\t\t\t<p>Este sitio web es operado por Kidzenze SPA, rut 77.315.378-7, ubicado en Calle Parque Sur 12810 de la Comuna de Lo Barnechea. Dicha empresa posee la propiedad de las im\u00e1genes y contenido utilizados en esta p\u00e1gina web, en el cual se comercializan los productos y servicios creados pro Kidzenze SPA. Quienes usen este sitio aceptan las condiciones comerciales bajo las cuales se realizan las transacciones, las que deben ser le\u00eddas y aceptadas por el usuario al momento de generar alguna transacci\u00f3n en el sitio. Tambi\u00e9n recomendamos que lea nuestra pol\u00edtica de privacidad con respecto a su informaci\u00f3n personal. Nos reservamos el derecho de cambiar nuestros t\u00e9rminos y condiciones en cualquier momento y es su responsabilidad leer los t\u00e9rminos y condiciones en cada ocasi\u00f3n que visite y haga uso de nuestro sitio web. Al confirmar la aceptaci\u00f3n de los t\u00e9rminos y condiciones, el Cliente acepta las cl\u00e1usulas indicadas a continuaci\u00f3n:<\/p>\t\t\t\t\t<\/div>\n\t\t\t\t\t\t<\/div>\n\t\t\t\t<\/div>\n\t\t\t\t\t\t<\/div>\n\t\t\t\t\t<\/div>\n\t\t<\/div>\n\t\t\t\t\t\t\t\t<\/div>\n\t\t\t\t\t<\/div>\n\t\t<\/section>\n\t\t\t\t<section class=\"elementor-section elementor-top-section elementor-element elementor-element-11ef84c elementor-section-stretched elementor-section-boxed elementor-section-height-default elementor-section-height-default\" data-id=\"11ef84c\" data-element_type=\"section\" data-settings=\"{&quot;stretch_section&quot;:&quot;section-stretched&quot;}\">\n\t\t\t\t\t\t<div class=\"elementor-container elementor-column-gap-default\">\n\t\t\t\t\t\t\t<div class=\"elementor-row\">\n\t\t\t\t\t<div class=\"elementor-column elementor-col-100 elementor-top-column elementor-element elementor-element-8fe3d63\" data-id=\"8fe3d63\" data-element_type=\"column\">\n\t\t\t<div class=\"elementor-column-wrap elementor-element-populated\">\n\t\t\t\t\t\t\t<div class=\"elementor-widget-wrap\">\n\t\t\t\t\t\t<div class=\"elementor-element elementor-element-c47b0cb elementor-widget elementor-widget-heading\" data-id=\"c47b0cb\" data-element_type=\"widget\" data-widget_type=\"heading.default\">\n\t\t\t\t<div class=\"elementor-widget-container\">\n\t\t\t<h2 class=\"elementor-heading-title elementor-size-default\">Productos<\/h2>\t\t<\/div>\n\t\t\t\t<\/div>\n\t\t\t\t<div class=\"elementor-element elementor-element-e55bd15 elementor-widget-divider--view-line elementor-widget elementor-widget-divider\" data-id=\"e55bd15\" data-element_type=\"widget\" data-widget_type=\"divider.default\">\n\t\t\t\t<div class=\"elementor-widget-container\">\n\t\t\t\t\t<div class=\"elementor-divider\">\n\t\t\t<span class=\"elementor-divider-separator\">\n\t\t\t\t\t\t<\/span>\n\t\t<\/div>\n\t\t\t\t<\/div>\n\t\t\t\t<\/div>\n\t\t\t\t<div class=\"elementor-element elementor-element-397e583 elementor-widget elementor-widget-text-editor\" data-id=\"397e583\" data-element_type=\"widget\" data-widget_type=\"text-editor.default\">\n\t\t\t\t<div class=\"elementor-widget-container\">\n\t\t\t\t\t\t\t\t<div class=\"elementor-text-editor elementor-clearfix\">\n\t\t\t\t\t<p>Los productos que se comercializan en este sitio cumplen con las normativas vigentes y son de propiedad intelectual de Kidzenze SPA. Los productos comercializados y sus especificaciones se detallan debidamente en el sitio. Kidzenze SPA se reserva el derecho a cambiar embalajes, formatos de los productos, valores de despacho y stock de productos en base a la disponibilidad existente en el momento. Adem\u00e1s, puede modificar los precios de acuerdo a su discreci\u00f3n, el cual ser\u00e1 informado en el sitio previo a la compra, por lo tanto, el comprador al momento del pago conocer\u00e1 los valores de cada producto comercializado y el precio del env\u00edo de su producto a la direcci\u00f3n de despacho se\u00f1alada por el Cliente.<br \/>Por otro lado, cada producto comercializado por Kidzenze SPA, es acompa\u00f1ado por instrucciones de su correcto uso. El fallo, mal uso de los productos y las implicancias que esto pueda conllevar, para quienes usen el producto, no son de responsabilidad de Kidzenze SPA.<\/p>\t\t\t\t\t<\/div>\n\t\t\t\t\t\t<\/div>\n\t\t\t\t<\/div>\n\t\t\t\t\t\t<\/div>\n\t\t\t\t\t<\/div>\n\t\t<\/div>\n\t\t\t\t\t\t\t\t<\/div>\n\t\t\t\t\t<\/div>\n\t\t<\/section>\n\t\t\t\t<section class=\"elementor-section elementor-top-section elementor-element elementor-element-1293d8a elementor-section-stretched elementor-section-boxed elementor-section-height-default elementor-section-height-default\" data-id=\"1293d8a\" data-element_type=\"section\" data-settings=\"{&quot;stretch_section&quot;:&quot;section-stretched&quot;}\">\n\t\t\t\t\t\t<div class=\"elementor-container elementor-column-gap-default\">\n\t\t\t\t\t\t\t<div class=\"elementor-row\">\n\t\t\t\t\t<div class=\"elementor-column elementor-col-100 elementor-top-column elementor-element elementor-element-c291875\" data-id=\"c291875\" data-element_type=\"column\">\n\t\t\t<div class=\"elementor-column-wrap elementor-element-populated\">\n\t\t\t\t\t\t\t<div class=\"elementor-widget-wrap\">\n\t\t\t\t\t\t<div class=\"elementor-element elementor-element-cff3fc3 elementor-widget elementor-widget-heading\" data-id=\"cff3fc3\" data-element_type=\"widget\" data-widget_type=\"heading.default\">\n\t\t\t\t<div class=\"elementor-widget-container\">\n\t\t\t<h2 class=\"elementor-heading-title elementor-size-default\">Despacho<\/h2>\t\t<\/div>\n\t\t\t\t<\/div>\n\t\t\t\t<div class=\"elementor-element elementor-element-9905132 elementor-widget-divider--view-line elementor-widget elementor-widget-divider\" data-id=\"9905132\" data-element_type=\"widget\" data-widget_type=\"divider.default\">\n\t\t\t\t<div class=\"elementor-widget-container\">\n\t\t\t\t\t<div class=\"elementor-divider\">\n\t\t\t<span class=\"elementor-divider-separator\">\n\t\t\t\t\t\t<\/span>\n\t\t<\/div>\n\t\t\t\t<\/div>\n\t\t\t\t<\/div>\n\t\t\t\t<div class=\"elementor-element elementor-element-9d24d19 elementor-widget elementor-widget-text-editor\" data-id=\"9d24d19\" data-element_type=\"widget\" data-widget_type=\"text-editor.default\">\n\t\t\t\t<div class=\"elementor-widget-container\">\n\t\t\t\t\t\t\t\t<div class=\"elementor-text-editor elementor-clearfix\">\n\t\t\t\t\t<p>Kidzenze se reserva el derecho de escoger una o varias empresas para realizar el despacho de los pedidos comprados en este sitio. Sin embargo, en caso de p\u00e9rdida o da\u00f1o del producto enviado, la responsabilidad en su totalidad corresponde a la empresa de despacho utilizada para ese efecto. Sin embargo, Kidzenze SPA siempre buscar\u00e1 la manera de interceder ante la empresa de distribuci\u00f3n para buscar la restituci\u00f3n del producto comprado y no afectar al comprador. A su vez los tiempos de env\u00edo para la Regi\u00f3n Metropolitana en condiciones normales no superar\u00e1n los 5 d\u00edas h\u00e1biles desde el d\u00eda de la compra. Para el resto del pa\u00eds estos tiempos pueden llegar a 10 d\u00edas h\u00e1biles.<br \/>A su vez Kidzenze SPA se reserva el derecho de definir si hay algunas ciudades o regiones en las cuales no se entregar\u00e1 el producto y por ende no se realizar\u00e1n ventas de los productos comercializados. Lo anterior, porque las condiciones de despachos de uno o varios proveedores no aseguran la entrega en tiempo y forma del mismo, o bien, porque frente a situaciones extraordinarias, resulta imposible realizar entregas en algunas zonas.<\/p>\t\t\t\t\t<\/div>\n\t\t\t\t\t\t<\/div>\n\t\t\t\t<\/div>\n\t\t\t\t\t\t<\/div>\n\t\t\t\t\t<\/div>\n\t\t<\/div>\n\t\t\t\t\t\t\t\t<\/div>\n\t\t\t\t\t<\/div>\n\t\t<\/section>\n\t\t\t\t<section class=\"elementor-section elementor-top-section elementor-element elementor-element-b26585c elementor-section-stretched elementor-section-boxed elementor-section-height-default elementor-section-height-default\" data-id=\"b26585c\" data-element_type=\"section\" data-settings=\"{&quot;stretch_section&quot;:&quot;section-stretched&quot;}\">\n\t\t\t\t\t\t<div class=\"elementor-container elementor-column-gap-default\">\n\t\t\t\t\t\t\t<div class=\"elementor-row\">\n\t\t\t\t\t<div class=\"elementor-column elementor-col-100 elementor-top-column elementor-element elementor-element-86823ff\" data-id=\"86823ff\" data-element_type=\"column\">\n\t\t\t<div class=\"elementor-column-wrap elementor-element-populated\">\n\t\t\t\t\t\t\t<div class=\"elementor-widget-wrap\">\n\t\t\t\t\t\t<div class=\"elementor-element elementor-element-b0a7070 elementor-widget elementor-widget-heading\" data-id=\"b0a7070\" data-element_type=\"widget\" data-widget_type=\"heading.default\">\n\t\t\t\t<div class=\"elementor-widget-container\">\n\t\t\t<h2 class=\"elementor-heading-title elementor-size-default\">Condiciones de Pago de las Compras<\/h2>\t\t<\/div>\n\t\t\t\t<\/div>\n\t\t\t\t<div class=\"elementor-element elementor-element-b1e1930 elementor-widget-divider--view-line elementor-widget elementor-widget-divider\" data-id=\"b1e1930\" data-element_type=\"widget\" data-widget_type=\"divider.default\">\n\t\t\t\t<div class=\"elementor-widget-container\">\n\t\t\t\t\t<div class=\"elementor-divider\">\n\t\t\t<span class=\"elementor-divider-separator\">\n\t\t\t\t\t\t<\/span>\n\t\t<\/div>\n\t\t\t\t<\/div>\n\t\t\t\t<\/div>\n\t\t\t\t<div class=\"elementor-element elementor-element-a2c1934 elementor-widget elementor-widget-text-editor\" data-id=\"a2c1934\" data-element_type=\"widget\" data-widget_type=\"text-editor.default\">\n\t\t\t\t<div class=\"elementor-widget-container\">\n\t\t\t\t\t\t\t\t<div class=\"elementor-text-editor elementor-clearfix\">\n\t\t\t\t\t<p>El valor de la compra incluir\u00e1 el costo de env\u00edo en base a la direcci\u00f3n de despacho indicada por el Cliente. El valor total de su pedido se mostrar\u00e1 en la pantalla de confirmaci\u00f3n para que el comprador realice el pago de la transacci\u00f3n por diferentes opciones disponibles: Tarjetas de Cr\u00e9dito Bancarias, Red Compra o Transferencias Bancarias. Para ese pago Kidzenze SPA dispondr\u00e1 de los proveedores que considere necesario gestionen las transacciones de pago de<br \/>las compras. Sin embargo, podr\u00e1 disponer a futuro de otros proveedores o reemplazar alguno actual en base a consideraciones comerciales y de funcionamiento. Sin embargo, la responsabilidad del cobro del pedido y el descuento del pago provisto por el Clientes es del proveedor del medio de pago. En caso de falla de la transacci\u00f3n o descuentos realizados por compras fallidas, estos son de responsabilidad del proveedor de pagos, los cuales frente a este tipo de fallas reintegran a la cuenta corriente o a la tarjeta bancaria del Cliente los montos descontados en un plazo de 72 horas. Siendo este tipo de errores de ninguna responsabilidad de Kidzenze SPA.<\/p>\t\t\t\t\t<\/div>\n\t\t\t\t\t\t<\/div>\n\t\t\t\t<\/div>\n\t\t\t\t\t\t<\/div>\n\t\t\t\t\t<\/div>\n\t\t<\/div>\n\t\t\t\t\t\t\t\t<\/div>\n\t\t\t\t\t<\/div>\n\t\t<\/section>\n\t\t\t\t<section class=\"elementor-section elementor-top-section elementor-element elementor-element-022045f elementor-section-stretched elementor-section-boxed elementor-section-height-default elementor-section-height-default\" data-id=\"022045f\" data-element_type=\"section\" data-settings=\"{&quot;stretch_section&quot;:&quot;section-stretched&quot;}\">\n\t\t\t\t\t\t<div class=\"elementor-container elementor-column-gap-default\">\n\t\t\t\t\t\t\t<div class=\"elementor-row\">\n\t\t\t\t\t<div class=\"elementor-column elementor-col-100 elementor-top-column elementor-element elementor-element-c248653\" data-id=\"c248653\" data-element_type=\"column\">\n\t\t\t<div class=\"elementor-column-wrap elementor-element-populated\">\n\t\t\t\t\t\t\t<div class=\"elementor-widget-wrap\">\n\t\t\t\t\t\t<div class=\"elementor-element elementor-element-4d099b1 elementor-widget elementor-widget-heading\" data-id=\"4d099b1\" data-element_type=\"widget\" data-widget_type=\"heading.default\">\n\t\t\t\t<div class=\"elementor-widget-container\">\n\t\t\t<h2 class=\"elementor-heading-title elementor-size-default\">Uso de este Sitio Web<\/h2>\t\t<\/div>\n\t\t\t\t<\/div>\n\t\t\t\t<div class=\"elementor-element elementor-element-8fcd0a0 elementor-widget-divider--view-line elementor-widget elementor-widget-divider\" data-id=\"8fcd0a0\" data-element_type=\"widget\" data-widget_type=\"divider.default\">\n\t\t\t\t<div class=\"elementor-widget-container\">\n\t\t\t\t\t<div class=\"elementor-divider\">\n\t\t\t<span class=\"elementor-divider-separator\">\n\t\t\t\t\t\t<\/span>\n\t\t<\/div>\n\t\t\t\t<\/div>\n\t\t\t\t<\/div>\n\t\t\t\t<div class=\"elementor-element elementor-element-26612fc elementor-widget elementor-widget-text-editor\" data-id=\"26612fc\" data-element_type=\"widget\" data-widget_type=\"text-editor.default\">\n\t\t\t\t<div class=\"elementor-widget-container\">\n\t\t\t\t\t\t\t\t<div class=\"elementor-text-editor elementor-clearfix\">\n\t\t\t\t\t<p>Todo el dise\u00f1o, texto, gr\u00e1ficas, software y otro material en este sitio web son derechos de autor de Kidzenze SPA. y TODOS LOS DERECHOS EST\u00c1N RESERVADOS. Concedemos permiso a los clientes para copiar electr\u00f3nicamente e imprimir partes de este sitio web con el \u00fanico prop\u00f3sito de hacer un pedido con nosotros. Cualquier otro uso de materiales en este sitio web sin permiso previo por escrito a kidzenze SPA est\u00e1 estrictamente prohibido.<\/p>\t\t\t\t\t<\/div>\n\t\t\t\t\t\t<\/div>\n\t\t\t\t<\/div>\n\t\t\t\t\t\t<\/div>\n\t\t\t\t\t<\/div>\n\t\t<\/div>\n\t\t\t\t\t\t\t\t<\/div>\n\t\t\t\t\t<\/div>\n\t\t<\/section>\n\t\t\t\t<section class=\"elementor-section elementor-top-section elementor-element elementor-element-2a01d05f elementor-section-full_width elementor-section-stretched elementor-hidden-desktop elementor-hidden-tablet elementor-hidden-phone elementor-section-height-default elementor-section-height-default\" data-id=\"2a01d05f\" data-element_type=\"section\" data-settings=\"{&quot;stretch_section&quot;:&quot;section-stretched&quot;}\">\n\t\t\t\t\t\t<div class=\"elementor-container elementor-column-gap-default\">\n\t\t\t\t\t\t\t<div class=\"elementor-row\">\n\t\t\t\t\t<div class=\"elementor-column elementor-col-50 elementor-top-column elementor-element elementor-element-1220cd86\" data-id=\"1220cd86\" data-element_type=\"column\" data-settings=\"{&quot;background_background&quot;:&quot;classic&quot;}\">\n\t\t\t<div class=\"elementor-column-wrap\">\n\t\t\t\t\t\t\t<div class=\"elementor-widget-wrap\">\n\t\t\t\t\t\t\t\t<\/div>\n\t\t\t\t\t<\/div>\n\t\t<\/div>\n\t\t\t\t<div class=\"elementor-column elementor-col-50 elementor-top-column elementor-element elementor-element-1bd75d04\" data-id=\"1bd75d04\" data-element_type=\"column\" data-settings=\"{&quot;background_background&quot;:&quot;classic&quot;}\">\n\t\t\t<div class=\"elementor-column-wrap elementor-element-populated\">\n\t\t\t\t\t\t\t<div class=\"elementor-widget-wrap\">\n\t\t\t\t\t\t<div class=\"elementor-element elementor-element-7b9b28e9 elementor-widget elementor-widget-heading\" data-id=\"7b9b28e9\" data-element_type=\"widget\" data-widget_type=\"heading.default\">\n\t\t\t\t<div class=\"elementor-widget-container\">\n\t\t\t<h2 class=\"elementor-heading-title elementor-size-default\">Cont\u00e1ctanos<\/h2>\t\t<\/div>\n\t\t\t\t<\/div>\n\t\t\t\t<div class=\"elementor-element elementor-element-6080e9c0 elementor-button-align-stretch elementor-widget elementor-widget-form\" data-id=\"6080e9c0\" data-element_type=\"widget\" data-settings=\"{&quot;step_next_label&quot;:&quot;Next&quot;,&quot;step_previous_label&quot;:&quot;Previous&quot;,&quot;button_width&quot;:&quot;100&quot;,&quot;step_type&quot;:&quot;number_text&quot;,&quot;step_icon_shape&quot;:&quot;circle&quot;}\" data-widget_type=\"form.default\">\n\t\t\t\t<div class=\"elementor-widget-container\">\n\t\t\t\t\t<form class=\"elementor-form\" method=\"post\" name=\"New Form\">\n\t\t\t<input type=\"hidden\" name=\"post_id\" value=\"4050\"\/>\n\t\t\t<input type=\"hidden\" name=\"form_id\" value=\"6080e9c0\"\/>\n\t\t\t<input type=\"hidden\" name=\"referer_title\" value=\"\" \/>\n\n\t\t\t\n\t\t\t<div class=\"elementor-form-fields-wrapper elementor-labels-\">\n\t\t\t\t\t\t\t\t<div class=\"elementor-field-type-text elementor-field-group elementor-column elementor-field-group-name elementor-col-100\">\n\t\t\t\t\t<label for=\"form-field-name\" class=\"elementor-field-label elementor-screen-only\">Nombre<\/label><input size=\"1\" type=\"text\" name=\"form_fields[name]\" id=\"form-field-name\" class=\"elementor-field elementor-size-sm  elementor-field-textual\" placeholder=\"Nombre\">\t\t\t\t<\/div>\n\t\t\t\t\t\t\t\t<div class=\"elementor-field-type-email elementor-field-group elementor-column elementor-field-group-email elementor-col-100 elementor-field-required\">\n\t\t\t\t\t<label for=\"form-field-email\" class=\"elementor-field-label elementor-screen-only\">Email<\/label><input size=\"1\" type=\"email\" name=\"form_fields[email]\" id=\"form-field-email\" class=\"elementor-field elementor-size-sm  elementor-field-textual\" placeholder=\"Email\" required=\"required\" aria-required=\"true\">\t\t\t\t<\/div>\n\t\t\t\t\t\t\t\t<div class=\"elementor-field-type-text elementor-field-group elementor-column elementor-field-group-message elementor-col-100\">\n\t\t\t\t\t<label for=\"form-field-message\" class=\"elementor-field-label elementor-screen-only\">Asunto<\/label><input size=\"1\" type=\"text\" name=\"form_fields[message]\" id=\"form-field-message\" class=\"elementor-field elementor-size-sm  elementor-field-textual\" placeholder=\"Asunto\">\t\t\t\t<\/div>\n\t\t\t\t\t\t\t\t<div class=\"elementor-field-type-textarea elementor-field-group elementor-column elementor-field-group-field_a1f5b72 elementor-col-100\">\n\t\t\t\t\t<label for=\"form-field-field_a1f5b72\" class=\"elementor-field-label elementor-screen-only\">Mensaje<\/label><textarea class=\"elementor-field-textual elementor-field  elementor-size-sm\" name=\"form_fields[field_a1f5b72]\" id=\"form-field-field_a1f5b72\" rows=\"4\" placeholder=\"Mensaje\"><\/textarea>\t\t\t\t<\/div>\n\t\t\t\t\t\t\t\t<div class=\"elementor-field-group elementor-column elementor-field-type-submit elementor-col-100 e-form__buttons\">\n\t\t\t\t\t<button type=\"submit\" class=\"elementor-button elementor-size-md\">\n\t\t\t\t\t\t<span >\n\t\t\t\t\t\t\t\t\t\t\t\t\t\t\t<span class=\" elementor-button-icon\">\n\t\t\t\t\t\t\t\t\t\t\t\t\t\t\t\t\t\t\t\t\t\t\t\t\t\t<\/span>\n\t\t\t\t\t\t\t\t\t\t\t\t\t\t\t\t\t\t\t\t\t\t<span class=\"elementor-button-text\">Enviar<\/span>\n\t\t\t\t\t\t\t\t\t\t\t\t\t<\/span>\n\t\t\t\t\t<\/button>\n\t\t\t\t<\/div>\n\t\t\t<\/div>\n\t\t<\/form>\n\t\t\t\t<\/div>\n\t\t\t\t<\/div>\n\t\t\t\t\t\t<\/div>\n\t\t\t\t\t<\/div>\n\t\t<\/div>\n\t\t\t\t\t\t\t\t<\/div>\n\t\t\t\t\t<\/div>\n\t\t<\/section>\n\t\t\t\t\t\t<\/div>\n\t\t\t\t\t\t<\/div>\n\t\t\t\t\t<\/div>\n\t\t","protected":false},"excerpt":{"rendered":"T\u00e9rminos y Condiciones Comerciales Este sitio web es operado por Kidzenze SPA, rut 77.315.378-7, ubicado en Calle Parque Sur 12810...","protected":false},"author":1,"featured_media":0,"parent":0,"menu_order":0,"comment_status":"closed","ping_status":"closed","template":"elementor_header_footer","meta":{"footnotes":""},"class_list":["post-4050","page","type-page","status-publish","hentry"],"_links":{"self":[{"href":"https:\/\/etrihost.cl\/dir\/kidsenze\/wp-json\/wp\/v2\/pages\/4050","targetHints":{"allow":["GET"]}}],"collection":[{"href":"https:\/\/etrihost.cl\/dir\/kidsenze\/wp-json\/wp\/v2\/pages"}],"about":[{"href":"https:\/\/etrihost.cl\/dir\/kidsenze\/wp-json\/wp\/v2\/types\/page"}],"author":[{"embeddable":true,"href":"https:\/\/etrihost.cl\/dir\/kidsenze\/wp-json\/wp\/v2\/users\/1"}],"replies":[{"embeddable":true,"href":"https:\/\/etrihost.cl\/dir\/kidsenze\/wp-json\/wp\/v2\/comments?post=4050"}],"version-history":[{"count":17,"href":"https:\/\/etrihost.cl\/dir\/kidsenze\/wp-json\/wp\/v2\/pages\/4050\/revisions"}],"predecessor-version":[{"id":4068,"href":"https:\/\/etrihost.cl\/dir\/kidsenze\/wp-json\/wp\/v2\/pages\/4050\/revisions\/4068"}],"wp:attachment":[{"href":"https:\/\/etrihost.cl\/dir\/kidsenze\/wp-json\/wp\/v2\/media?parent=4050"}],"curies":[{"name":"wp","href":"https:\/\/api.w.org\/{rel}","templated":true}]}}